{"id":3731,"date":"2017-08-29T09:11:40","date_gmt":"2017-08-29T09:11:40","guid":{"rendered":"https:\/\/fenik.co\/historia\/?lang=sq"},"modified":"2023-09-25T15:38:40","modified_gmt":"2023-09-25T15:38:40","slug":"historia","status":"publish","type":"page","link":"https:\/\/fenik.co\/sq\/historia\/","title":{"rendered":"Historia"},"content":{"rendered":"<div id='revolutionslider_1'  class='avia-layerslider avia-revolutionslider main_color avia-shadow  avia-builder-el-0  el_before_av_section  avia-builder-el-first   container_wrap sidebar_right'  >\n\t\t\t<!-- START History REVOLUTION SLIDER 6.7.37 --><p class=\"rs-p-wp-fix\"><\/p>\n\t\t\t<rs-module-wrap id=\"rev_slider_7_1_wrapper\" data-source=\"gallery\" style=\"visibility:hidden;background:#1f1d24;padding:0;\">\n\t\t\t\t<rs-module id=\"rev_slider_7_1\" style=\"\" data-version=\"6.7.37\">\n\t\t\t\t\t<rs-slides style=\"overflow: hidden; position: absolute;\">\n\t\t\t\t\t\t<rs-slide style=\"position: absolute;\" data-key=\"rs-41\" data-title=\"Creative\" data-anim=\"ms:2300;p:dark;\" data-in=\"o:0;\" data-out=\"o:0;\" data-p1=\"01\">\n\t\t\t\t\t\t\t<img decoding=\"async\" src=\"\/\/fenik.co\/wp-content\/plugins\/revslider\/sr6\/assets\/assets\/dummy.png\" alt=\"\" title=\"Historia\" class=\"rev-slidebg tp-rs-img rs-lazyload\" data-lazyload=\"\/\/fenik.co\/wp-content\/uploads\/2017\/08\/history_bg.jpg\" data-parallax=\"3\" data-no-retina>\n<!--\n\t\t\t\t\t\t\t--><rs-layer\n\t\t\t\t\t\t\t\tid=\"slider-7-slide-41-layer-1\" \n\t\t\t\t\t\t\t\tclass=\"tp-shape tp-shapewrapper rs-pxl-tobggroup\"\n\t\t\t\t\t\t\t\tdata-type=\"shape\"\n\t\t\t\t\t\t\t\tdata-xy=\"x:c;y:m;\"\n\t\t\t\t\t\t\t\tdata-text=\"fw:100,100,400,400;\"\n\t\t\t\t\t\t\t\tdata-dim=\"w:100%;h:100%;\"\n\t\t\t\t\t\t\t\tdata-basealign=\"slide\"\n\t\t\t\t\t\t\t\tdata-rsp_o=\"off\"\n\t\t\t\t\t\t\t\tdata-rsp_bd=\"off\"\n\t\t\t\t\t\t\t\tdata-frame_1=\"e:power2.inOut;st:150;sp:1500;sR:150;\"\n\t\t\t\t\t\t\t\tdata-frame_999=\"o:0;e:power2.inOut;st:w;sp:1500;sR:7350;\"\n\t\t\t\t\t\t\t\tstyle=\"z-index:5;background-color:rgba(18,12,20,0.75);\"\n\t\t\t\t\t\t\t> \n\t\t\t\t\t\t\t<\/rs-layer><!--\n\n\t\t\t\t\t\t\t--><rs-layer\n\t\t\t\t\t\t\t\tid=\"slider-7-slide-41-layer-2\" \n\t\t\t\t\t\t\t\tclass=\"Creative-Title rs-pxl-1\"\n\t\t\t\t\t\t\t\tdata-type=\"text\"\n\t\t\t\t\t\t\t\tdata-color=\"rgba(255, 255, 255, 1)\"\n\t\t\t\t\t\t\t\tdata-rsp_ch=\"on\"\n\t\t\t\t\t\t\t\tdata-xy=\"x:c;y:m;yo:-10px;\"\n\t\t\t\t\t\t\t\tdata-text=\"s:70,70,50,40;l:70,70,55,45;a:center;\"\n\t\t\t\t\t\t\t\tdata-dim=\"w:auto,auto,auto,320px;\"\n\t\t\t\t\t\t\t\tdata-vbility=\"f,f,f,f\"\n\t\t\t\t\t\t\t\tdata-frame_0=\"y:50px;\"\n\t\t\t\t\t\t\t\tdata-frame_1=\"e:power3.out;st:2550;sp:1500;sR:2550;\"\n\t\t\t\t\t\t\t\tdata-frame_999=\"x:0;y:0;z:0;sX:0.9;sY:0.9;o:0;rX:0;rY:0;rZ:0;skX:0;skY:0;st:w;sp:1000;sR:4950;\"\n\t\t\t\t\t\t\t\tstyle=\"z-index:8;font-family:'Playfair Display';\"\n\t\t\t\t\t\t\t>Fenik<br\/>\nCompany \n\t\t\t\t\t\t\t<\/rs-layer><!--\n\n\t\t\t\t\t\t\t--><rs-layer\n\t\t\t\t\t\t\t\tid=\"slider-7-slide-41-layer-3\" \n\t\t\t\t\t\t\t\tclass=\"Creative-SubTitle rs-pxl-2\"\n\t\t\t\t\t\t\t\tdata-type=\"text\"\n\t\t\t\t\t\t\t\tdata-color=\"rgba(205, 176, 131, 1)\"\n\t\t\t\t\t\t\t\tdata-rsp_ch=\"on\"\n\t\t\t\t\t\t\t\tdata-xy=\"x:c;xo:-1px,-1px,0,0;y:m;yo:-91px,-91px,-81px,-64px;\"\n\t\t\t\t\t\t\t\tdata-text=\"s:14,14,14,12;l:14,14,14,12;ls:2px;a:center;\"\n\t\t\t\t\t\t\t\tdata-frame_0=\"y:50px;\"\n\t\t\t\t\t\t\t\tdata-frame_1=\"e:power3.out;st:2350;sp:1500;sR:2350;\"\n\t\t\t\t\t\t\t\tdata-frame_999=\"x:0;y:0;z:0;sX:0.9;sY:0.9;o:0;rX:0;rY:0;rZ:0;skX:0;skY:0;st:w;sp:1000;sR:5150;\"\n\t\t\t\t\t\t\t\tstyle=\"z-index:7;font-family:'Lato';\"\n\t\t\t\t\t\t\t>DURACHOC SWISS TECHNOLOGY \n\t\t\t\t\t\t\t<\/rs-layer><!--\n\n\t\t\t\t\t\t\t--><rs-layer\n\t\t\t\t\t\t\t\tid=\"slider-7-slide-41-layer-4\" \n\t\t\t\t\t\t\t\tclass=\"tp-shape tp-shapewrapper rs-pxl-3\"\n\t\t\t\t\t\t\t\tdata-type=\"shape\"\n\t\t\t\t\t\t\t\tdata-xy=\"x:c;y:m;yo:-178px,-178px,-168px,-141px;\"\n\t\t\t\t\t\t\t\tdata-dim=\"w:1px;h:100px;\"\n\t\t\t\t\t\t\t\tdata-rsp_bd=\"off\"\n\t\t\t\t\t\t\t\tdata-frame_0=\"y:-100%;o:1;\"\n\t\t\t\t\t\t\t\tdata-frame_0_mask=\"u:t;\"\n\t\t\t\t\t\t\t\tdata-frame_1=\"st:1500;sp:1500;sR:1500;\"\n\t\t\t\t\t\t\t\tdata-frame_1_mask=\"u:t;\"\n\t\t\t\t\t\t\t\tdata-frame_999=\"y:100%;e:power1.in;st:w;sp:500;sR:6000;\"\n\t\t\t\t\t\t\t\tdata-frame_999_mask=\"u:t;\"\n\t\t\t\t\t\t\t\tstyle=\"z-index:6;background-color:rgba(205,176,131,1);\"\n\t\t\t\t\t\t\t> \n\t\t\t\t\t\t\t<\/rs-layer><!--\n\n\t\t\t\t\t\t\t--><rs-layer\n\t\t\t\t\t\t\t\tid=\"slider-7-slide-41-layer-5\" \n\t\t\t\t\t\t\t\tclass=\"tp-shape tp-shapewrapper rs-pxl-3\"\n\t\t\t\t\t\t\t\tdata-type=\"shape\"\n\t\t\t\t\t\t\t\tdata-xy=\"x:c;y:m;yo:137px,137px,119px,100px;\"\n\t\t\t\t\t\t\t\tdata-dim=\"w:1px;h:100px;\"\n\t\t\t\t\t\t\t\tdata-rsp_bd=\"off\"\n\t\t\t\t\t\t\t\tdata-frame_0=\"y:-100%;o:1;\"\n\t\t\t\t\t\t\t\tdata-frame_0_mask=\"u:t;\"\n\t\t\t\t\t\t\t\tdata-frame_1=\"st:2900;sp:1500;sR:2900;\"\n\t\t\t\t\t\t\t\tdata-frame_1_mask=\"u:t;\"\n\t\t\t\t\t\t\t\tdata-frame_999=\"y:-100%;e:power1.in;st:w;sp:500;sR:4600;\"\n\t\t\t\t\t\t\t\tdata-frame_999_mask=\"u:t;\"\n\t\t\t\t\t\t\t\tstyle=\"z-index:10;background-color:rgba(205,176,131,1);\"\n\t\t\t\t\t\t\t> \n\t\t\t\t\t\t\t<\/rs-layer><!--\n\n\t\t\t\t\t\t\t--><rs-layer\n\t\t\t\t\t\t\t\tid=\"vaser_1\" \n\t\t\t\t\t\t\t\tclass=\"vaservagat\"\n\t\t\t\t\t\t\t\tdata-type=\"image\"\n\t\t\t\t\t\t\t\tdata-rsp_ch=\"on\"\n\t\t\t\t\t\t\t\tdata-xy=\"x:c;xo:-1px;yo:560px;\"\n\t\t\t\t\t\t\t\tdata-text=\"l:22;a:inherit;\"\n\t\t\t\t\t\t\t\tdata-dim=\"w:800px,800px,600px,400px;h:206px,206px,154,103;\"\n\t\t\t\t\t\t\t\tdata-frame_1=\"sR:10;\"\n\t\t\t\t\t\t\t\tdata-frame_999=\"o:0;st:w;sR:8690;\"\n\t\t\t\t\t\t\t\tstyle=\"z-index:15;\"\n\t\t\t\t\t\t\t><img decoding=\"async\" src=\"\/\/fenik.co\/wp-content\/plugins\/revslider\/sr6\/assets\/assets\/dummy.png\" alt=\"\" class=\"tp-rs-img rs-lazyload\" width=\"1509\" height=\"388\" data-lazyload=\"\/\/fenik.co\/wp-content\/uploads\/2017\/08\/eternachoc-1.png\" data-no-retina> \n\t\t\t\t\t\t\t<\/rs-layer><!--\n\n\t\t\t\t\t\t\t--><rs-layer\n\t\t\t\t\t\t\t\tid=\"vaser_2\" \n\t\t\t\t\t\t\t\tclass=\"vaservagat\"\n\t\t\t\t\t\t\t\tdata-type=\"image\"\n\t\t\t\t\t\t\t\tdata-rsp_ch=\"on\"\n\t\t\t\t\t\t\t\tdata-xy=\"x:c;yo:440px;\"\n\t\t\t\t\t\t\t\tdata-text=\"l:22;a:inherit;\"\n\t\t\t\t\t\t\t\tdata-dim=\"w:800px,800px,600px,400px;h:202px,202px,152,101;\"\n\t\t\t\t\t\t\t\tdata-frame_1=\"sR:10;\"\n\t\t\t\t\t\t\t\tdata-frame_999=\"o:0;st:w;sR:8690;\"\n\t\t\t\t\t\t\t\tstyle=\"z-index:14;\"\n\t\t\t\t\t\t\t><img decoding=\"async\" src=\"\/\/fenik.co\/wp-content\/plugins\/revslider\/sr6\/assets\/assets\/dummy.png\" alt=\"\" class=\"tp-rs-img rs-lazyload\" width=\"1520\" height=\"384\" data-lazyload=\"\/\/fenik.co\/wp-content\/uploads\/2017\/08\/maposa-1.png\" data-no-retina> \n\t\t\t\t\t\t\t<\/rs-layer><!--\n\n\t\t\t\t\t\t\t--><rs-layer\n\t\t\t\t\t\t\t\tid=\"vaser_4\" \n\t\t\t\t\t\t\t\tclass=\"vaservagat\"\n\t\t\t\t\t\t\t\tdata-type=\"image\"\n\t\t\t\t\t\t\t\tdata-rsp_ch=\"on\"\n\t\t\t\t\t\t\t\tdata-xy=\"x:c;xo:1px;yo:200px;\"\n\t\t\t\t\t\t\t\tdata-text=\"l:22;a:inherit;\"\n\t\t\t\t\t\t\t\tdata-dim=\"w:800px,800px,600px,400px;h:220px,220px,165,110;\"\n\t\t\t\t\t\t\t\tdata-frame_1=\"sR:10;\"\n\t\t\t\t\t\t\t\tdata-frame_999=\"o:0;st:w;sR:8690;\"\n\t\t\t\t\t\t\t\tstyle=\"z-index:12;\"\n\t\t\t\t\t\t\t><img decoding=\"async\" src=\"\/\/fenik.co\/wp-content\/plugins\/revslider\/sr6\/assets\/assets\/dummy.png\" alt=\"\" class=\"tp-rs-img rs-lazyload\" width=\"1430\" height=\"393\" data-lazyload=\"\/\/fenik.co\/wp-content\/uploads\/2017\/08\/junior-1.png\" data-no-retina> \n\t\t\t\t\t\t\t<\/rs-layer><!--\n\n\t\t\t\t\t\t\t--><rs-layer\n\t\t\t\t\t\t\t\tid=\"vaser_5\" \n\t\t\t\t\t\t\t\tclass=\"vaservagat\"\n\t\t\t\t\t\t\t\tdata-type=\"image\"\n\t\t\t\t\t\t\t\tdata-rsp_ch=\"on\"\n\t\t\t\t\t\t\t\tdata-xy=\"x:c;yo:80px;\"\n\t\t\t\t\t\t\t\tdata-text=\"l:22;a:inherit;\"\n\t\t\t\t\t\t\t\tdata-dim=\"w:800px,800px,600px,400px;h:195px,195px,146,97;\"\n\t\t\t\t\t\t\t\tdata-frame_1=\"sR:10;\"\n\t\t\t\t\t\t\t\tdata-frame_999=\"o:0;st:w;sR:8690;\"\n\t\t\t\t\t\t\t\tstyle=\"z-index:11;\"\n\t\t\t\t\t\t\t><img decoding=\"async\" src=\"\/\/fenik.co\/wp-content\/plugins\/revslider\/sr6\/assets\/assets\/dummy.png\" alt=\"\" class=\"tp-rs-img rs-lazyload\" width=\"1515\" height=\"369\" data-lazyload=\"\/\/fenik.co\/wp-content\/uploads\/2017\/08\/durachoc-1.png\" data-no-retina> \n\t\t\t\t\t\t\t<\/rs-layer><!--\n\n\t\t\t\t\t\t\t--><rs-layer\n\t\t\t\t\t\t\t\tid=\"vaser_3\" \n\t\t\t\t\t\t\t\tclass=\"vaservagat\"\n\t\t\t\t\t\t\t\tdata-type=\"image\"\n\t\t\t\t\t\t\t\tdata-rsp_ch=\"on\"\n\t\t\t\t\t\t\t\tdata-xy=\"x:c;yo:320px;\"\n\t\t\t\t\t\t\t\tdata-text=\"l:22;a:inherit;\"\n\t\t\t\t\t\t\t\tdata-dim=\"w:800px,800px,600px,400px;h:183px,183px,137,91;\"\n\t\t\t\t\t\t\t\tdata-frame_1=\"sR:10;\"\n\t\t\t\t\t\t\t\tdata-frame_999=\"o:0;st:w;sR:8690;\"\n\t\t\t\t\t\t\t\tstyle=\"z-index:13;\"\n\t\t\t\t\t\t\t><img decoding=\"async\" src=\"\/\/fenik.co\/wp-content\/plugins\/revslider\/sr6\/assets\/assets\/dummy.png\" alt=\"\" class=\"tp-rs-img rs-lazyload\" width=\"1521\" height=\"347\" data-lazyload=\"\/\/fenik.co\/wp-content\/uploads\/2017\/08\/zenith-1.png\" data-no-retina> \n\t\t\t\t\t\t\t<\/rs-layer><!--\n\n\t\t\t\t\t\t\t--><rs-layer\n\t\t\t\t\t\t\t\tid=\"slider-7-slide-41-layer-17\" \n\t\t\t\t\t\t\t\tclass=\"RedDot tp-shape tp-shapewrapper rs-pxl-2\"\n\t\t\t\t\t\t\t\tdata-type=\"shape\"\n\t\t\t\t\t\t\t\tdata-rsp_ch=\"on\"\n\t\t\t\t\t\t\t\tdata-xy=\"xo:801px,165px,165px,13px;yo:623px,628px,628px,621px;\"\n\t\t\t\t\t\t\t\tdata-dim=\"w:26px;h:26px;\"\n\t\t\t\t\t\t\t\tdata-border=\"bos:solid;boc:rgba(255, 255, 255, 1);bow:5px,5px,5px,5px;bor:50px,50px,50px,50px;\"\n\t\t\t\t\t\t\t\tdata-frame_1=\"e:power2.inOut;st:1250;sR:1250;\"\n\t\t\t\t\t\t\t\tdata-frame_999=\"o:0;e:nothing;st:w;sR:7450;\"\n\t\t\t\t\t\t\t\tdata-frame_hover=\"c:#000;bgc:rgba(255,255,255,0.75);boc:#d50000;bor:50px,50px,50px,50px;bos:solid;bow:5px,5px,5px,5px;oX:50;oY:50;e:power1.inOut;\"\n\t\t\t\t\t\t\t\tstyle=\"z-index:16;background-color:rgba(213,0,0,1);cursor:pointer;\"\n\t\t\t\t\t\t\t> \n\t\t\t\t\t\t\t<\/rs-layer><!--\n\n\t\t\t\t\t\t\t--><rs-layer\n\t\t\t\t\t\t\t\tid=\"slider-7-slide-41-layer-18\" \n\t\t\t\t\t\t\t\tclass=\"subcaption rs-pxl-2\"\n\t\t\t\t\t\t\t\tdata-type=\"text\"\n\t\t\t\t\t\t\t\tdata-rsp_ch=\"on\"\n\t\t\t\t\t\t\t\tdata-xy=\"xo:838px,202px,202px,50px;yo:628px,633px,633px,626px;\"\n\t\t\t\t\t\t\t\tdata-text=\"l:20;fw:500;\"\n\t\t\t\t\t\t\t\tdata-frame_0=\"x:-100%;o:1;\"\n\t\t\t\t\t\t\t\tdata-frame_0_mask=\"u:t;\"\n\t\t\t\t\t\t\t\tdata-frame_1=\"st:1250;sp:1000;sR:1250;\"\n\t\t\t\t\t\t\t\tdata-frame_1_mask=\"u:t;\"\n\t\t\t\t\t\t\t\tdata-frame_999=\"x:-100%;st:w;sp:500;sR:6750;\"\n\t\t\t\t\t\t\t\tdata-frame_999_mask=\"u:t;\"\n\t\t\t\t\t\t\t\tstyle=\"z-index:17;font-family:'Roboto';\"\n\t\t\t\t\t\t\t>ETERNACHOCK \n\t\t\t\t\t\t\t<\/rs-layer><!--\n\n\t\t\t\t\t\t\t--><rs-layer\n\t\t\t\t\t\t\t\tid=\"slider-7-slide-41-layer-19\" \n\t\t\t\t\t\t\t\tclass=\"subcaption rs-pxl-2\"\n\t\t\t\t\t\t\t\tdata-type=\"text\"\n\t\t\t\t\t\t\t\tdata-rsp_ch=\"on\"\n\t\t\t\t\t\t\t\tdata-xy=\"xo:800px,202px,202px,50px;yo:658px,663px,663px,656px;\"\n\t\t\t\t\t\t\t\tdata-text=\"s:15;l:20;fw:500;\"\n\t\t\t\t\t\t\t\tdata-frame_0=\"y:-100%;o:1;\"\n\t\t\t\t\t\t\t\tdata-frame_0_mask=\"u:t;\"\n\t\t\t\t\t\t\t\tdata-frame_1=\"st:1250;sp:1000;sR:1250;\"\n\t\t\t\t\t\t\t\tdata-frame_1_mask=\"u:t;\"\n\t\t\t\t\t\t\t\tdata-frame_999=\"y:-100%;e:nothing;st:w;sp:500;sR:6750;\"\n\t\t\t\t\t\t\t\tdata-frame_999_mask=\"u:t;\"\n\t\t\t\t\t\t\t\tstyle=\"z-index:18;font-family:'Roboto';\"\n\t\t\t\t\t\t\t>Me aliazh alumini t\u00eb p\u00ebrforcuar, trapezoidal me 2 tuba me fluska <br>n\u00eb form\u00eb fu\u00e7ish. \n\t\t\t\t\t\t\t<\/rs-layer><!--\n\n\t\t\t\t\t\t\t--><rs-layer\n\t\t\t\t\t\t\t\tid=\"slider-7-slide-41-layer-22\" \n\t\t\t\t\t\t\t\tclass=\"RedDot tp-shape tp-shapewrapper rs-pxl-2\"\n\t\t\t\t\t\t\t\tdata-type=\"shape\"\n\t\t\t\t\t\t\t\tdata-rsp_ch=\"on\"\n\t\t\t\t\t\t\t\tdata-xy=\"xo:803px,167px,167px,15px;yo:505px,510px,510px,502px;\"\n\t\t\t\t\t\t\t\tdata-dim=\"w:26px;h:26px;\"\n\t\t\t\t\t\t\t\tdata-border=\"bos:solid;boc:rgba(255, 255, 255, 1);bow:5px,5px,5px,5px;bor:50px,50px,50px,50px;\"\n\t\t\t\t\t\t\t\tdata-frame_1=\"e:power2.inOut;st:1250;sR:1250;\"\n\t\t\t\t\t\t\t\tdata-frame_999=\"o:0;e:nothing;st:w;sR:7450;\"\n\t\t\t\t\t\t\t\tdata-frame_hover=\"c:#000;bgc:rgba(255,255,255,0.75);boc:#d50000;bor:50px,50px,50px,50px;bos:solid;bow:5px,5px,5px,5px;oX:50;oY:50;e:power1.inOut;\"\n\t\t\t\t\t\t\t\tstyle=\"z-index:19;background-color:rgba(213,0,0,1);cursor:pointer;\"\n\t\t\t\t\t\t\t> \n\t\t\t\t\t\t\t<\/rs-layer><!--\n\n\t\t\t\t\t\t\t--><rs-layer\n\t\t\t\t\t\t\t\tid=\"slider-7-slide-41-layer-23\" \n\t\t\t\t\t\t\t\tclass=\"subcaption rs-pxl-2\"\n\t\t\t\t\t\t\t\tdata-type=\"text\"\n\t\t\t\t\t\t\t\tdata-rsp_ch=\"on\"\n\t\t\t\t\t\t\t\tdata-xy=\"xo:839px,202px,202px,50px;yo:508px,513px,513px,506px;\"\n\t\t\t\t\t\t\t\tdata-text=\"l:20;fw:500;\"\n\t\t\t\t\t\t\t\tdata-frame_0=\"x:-100%;o:1;\"\n\t\t\t\t\t\t\t\tdata-frame_0_mask=\"u:t;\"\n\t\t\t\t\t\t\t\tdata-frame_1=\"st:1250;sp:1000;sR:1250;\"\n\t\t\t\t\t\t\t\tdata-frame_1_mask=\"u:t;\"\n\t\t\t\t\t\t\t\tdata-frame_999=\"x:-100%;st:w;sp:500;sR:6750;\"\n\t\t\t\t\t\t\t\tdata-frame_999_mask=\"u:t;\"\n\t\t\t\t\t\t\t\tstyle=\"z-index:20;font-family:'Roboto';\"\n\t\t\t\t\t\t\t>MAPOSA \n\t\t\t\t\t\t\t<\/rs-layer><!--\n\n\t\t\t\t\t\t\t--><rs-layer\n\t\t\t\t\t\t\t\tid=\"slider-7-slide-41-layer-24\" \n\t\t\t\t\t\t\t\tclass=\"subcaption rs-pxl-2\"\n\t\t\t\t\t\t\t\tdata-type=\"text\"\n\t\t\t\t\t\t\t\tdata-color=\"#ffffff||#ffffff||#ffffff||rgba(255, 255, 255, 0.5)\"\n\t\t\t\t\t\t\t\tdata-rsp_ch=\"on\"\n\t\t\t\t\t\t\t\tdata-xy=\"xo:800px,200px,200px,48px;yo:536px,542px,542px,534px;\"\n\t\t\t\t\t\t\t\tdata-text=\"s:15;l:20;fw:500;\"\n\t\t\t\t\t\t\t\tdata-frame_0=\"y:-100%;o:1;\"\n\t\t\t\t\t\t\t\tdata-frame_0_mask=\"u:t;\"\n\t\t\t\t\t\t\t\tdata-frame_1=\"st:1250;sp:1000;sR:1250;\"\n\t\t\t\t\t\t\t\tdata-frame_1_mask=\"u:t;\"\n\t\t\t\t\t\t\t\tdata-frame_999=\"y:-100%;e:nothing;st:w;sp:500;sR:6750;\"\n\t\t\t\t\t\t\t\tdata-frame_999_mask=\"u:t;\"\n\t\t\t\t\t\t\t\tstyle=\"z-index:21;font-family:'Roboto';\"\n\t\t\t\t\t\t\t>T\u00eb p\u00ebrb\u00ebr\u00eb nga plastika speciale, t\u00eb p\u00ebrforcuar me shtresa, t\u00eb <br>q\u00ebndruesh\u00ebm ndaj goditjeve dhe korrozionit. Sigurojn\u00eb matje t\u00eb <br>sakta n\u00eb \u00e7do pozicion fal\u00eb tubave me flluska n\u00eb form\u00eb fu\u00e7ish.  \n\t\t\t\t\t\t\t<\/rs-layer><!--\n\n\t\t\t\t\t\t\t--><rs-layer\n\t\t\t\t\t\t\t\tid=\"slider-7-slide-41-layer-25\" \n\t\t\t\t\t\t\t\tclass=\"RedDot tp-shape tp-shapewrapper rs-pxl-2\"\n\t\t\t\t\t\t\t\tdata-type=\"shape\"\n\t\t\t\t\t\t\t\tdata-rsp_ch=\"on\"\n\t\t\t\t\t\t\t\tdata-xy=\"xo:803px,167px,167px,14px;yo:373px,378px,378px,371px;\"\n\t\t\t\t\t\t\t\tdata-dim=\"w:26px;h:26px;\"\n\t\t\t\t\t\t\t\tdata-border=\"bos:solid;boc:rgba(255, 255, 255, 1);bow:5px,5px,5px,5px;bor:50px,50px,50px,50px;\"\n\t\t\t\t\t\t\t\tdata-frame_1=\"e:power2.inOut;st:1250;sR:1250;\"\n\t\t\t\t\t\t\t\tdata-frame_999=\"o:0;e:nothing;st:w;sR:7450;\"\n\t\t\t\t\t\t\t\tdata-frame_hover=\"c:#000;bgc:rgba(255,255,255,0.75);boc:#d50000;bor:50px,50px,50px,50px;bos:solid;bow:5px,5px,5px,5px;oX:50;oY:50;e:power1.inOut;\"\n\t\t\t\t\t\t\t\tstyle=\"z-index:22;background-color:rgba(213,0,0,1);cursor:pointer;\"\n\t\t\t\t\t\t\t> \n\t\t\t\t\t\t\t<\/rs-layer><!--\n\n\t\t\t\t\t\t\t--><rs-layer\n\t\t\t\t\t\t\t\tid=\"slider-7-slide-41-layer-26\" \n\t\t\t\t\t\t\t\tclass=\"subcaption rs-pxl-2\"\n\t\t\t\t\t\t\t\tdata-type=\"text\"\n\t\t\t\t\t\t\t\tdata-rsp_ch=\"on\"\n\t\t\t\t\t\t\t\tdata-xy=\"xo:839px,203px,203px,51px;yo:376px,381px,381px,374px;\"\n\t\t\t\t\t\t\t\tdata-text=\"l:20;fw:500;\"\n\t\t\t\t\t\t\t\tdata-frame_0=\"x:-100%;o:1;\"\n\t\t\t\t\t\t\t\tdata-frame_0_mask=\"u:t;\"\n\t\t\t\t\t\t\t\tdata-frame_1=\"st:1250;sp:1000;sR:1250;\"\n\t\t\t\t\t\t\t\tdata-frame_1_mask=\"u:t;\"\n\t\t\t\t\t\t\t\tdata-frame_999=\"x:-100%;st:w;sp:500;sR:6750;\"\n\t\t\t\t\t\t\t\tdata-frame_999_mask=\"u:t;\"\n\t\t\t\t\t\t\t\tstyle=\"z-index:23;font-family:'Roboto';\"\n\t\t\t\t\t\t\t>ZENITH \n\t\t\t\t\t\t\t<\/rs-layer><!--\n\n\t\t\t\t\t\t\t--><rs-layer\n\t\t\t\t\t\t\t\tid=\"slider-7-slide-41-layer-27\" \n\t\t\t\t\t\t\t\tclass=\"subcaption rs-pxl-2\"\n\t\t\t\t\t\t\t\tdata-type=\"text\"\n\t\t\t\t\t\t\t\tdata-color=\"#ffffff||#ffffff||#ffffff||rgba(255, 255, 255, 0.5)\"\n\t\t\t\t\t\t\t\tdata-rsp_ch=\"on\"\n\t\t\t\t\t\t\t\tdata-xy=\"xo:800px,201px,201px,49px;yo:406px,411px,411px,405px;\"\n\t\t\t\t\t\t\t\tdata-text=\"s:15;l:20;fw:500;\"\n\t\t\t\t\t\t\t\tdata-frame_0=\"y:-100%;o:1;\"\n\t\t\t\t\t\t\t\tdata-frame_0_mask=\"u:t;\"\n\t\t\t\t\t\t\t\tdata-frame_1=\"st:1250;sp:1000;sR:1250;\"\n\t\t\t\t\t\t\t\tdata-frame_1_mask=\"u:t;\"\n\t\t\t\t\t\t\t\tdata-frame_999=\"y:-100%;e:nothing;st:w;sp:500;sR:6750;\"\n\t\t\t\t\t\t\t\tdata-frame_999_mask=\"u:t;\"\n\t\t\t\t\t\t\t\tstyle=\"z-index:24;font-family:'Roboto';\"\n\t\t\t\t\t\t\t>Me aliazh t\u00eb ngurt\u00eb prej alumini dhe shtresa p\u00ebrforcuese. Mund <br>t\u00eb p\u00ebrdoret n\u00eb \u00e7do pozicion fal\u00eb tubave t\u00eb pathyesh\u00ebm me fluska <br>n\u00eb form\u00eb fu\u00e7ish, t\u00eb futura n\u00eb Plexiblock t\u00eb fort\u00eb. Flluska e madhe <br>mund\u00ebson lexim t\u00eb sakt\u00eb. Me tub horizontal t\u00eb p\u00ebrshtatsh\u00ebm <br>me flluska. \n\t\t\t\t\t\t\t<\/rs-layer><!--\n\n\t\t\t\t\t\t\t--><rs-layer\n\t\t\t\t\t\t\t\tid=\"slider-7-slide-41-layer-28\" \n\t\t\t\t\t\t\t\tclass=\"RedDot tp-shape tp-shapewrapper rs-pxl-2\"\n\t\t\t\t\t\t\t\tdata-type=\"shape\"\n\t\t\t\t\t\t\t\tdata-rsp_ch=\"on\"\n\t\t\t\t\t\t\t\tdata-xy=\"xo:801px,165px,165px,13px;yo:260px,265px,265px,258px;\"\n\t\t\t\t\t\t\t\tdata-dim=\"w:26px;h:26px;\"\n\t\t\t\t\t\t\t\tdata-border=\"bos:solid;boc:rgba(255, 255, 255, 1);bow:5px,5px,5px,5px;bor:50px,50px,50px,50px;\"\n\t\t\t\t\t\t\t\tdata-frame_1=\"e:power2.inOut;st:1250;sR:1250;\"\n\t\t\t\t\t\t\t\tdata-frame_999=\"o:0;e:nothing;st:w;sR:7450;\"\n\t\t\t\t\t\t\t\tdata-frame_hover=\"c:#000;bgc:rgba(255,255,255,0.75);boc:#d50000;bor:50px,50px,50px,50px;bos:solid;bow:5px,5px,5px,5px;oX:50;oY:50;e:power1.inOut;\"\n\t\t\t\t\t\t\t\tstyle=\"z-index:25;background-color:rgba(213,0,0,1);cursor:pointer;\"\n\t\t\t\t\t\t\t> \n\t\t\t\t\t\t\t<\/rs-layer><!--\n\n\t\t\t\t\t\t\t--><rs-layer\n\t\t\t\t\t\t\t\tid=\"slider-7-slide-41-layer-29\" \n\t\t\t\t\t\t\t\tclass=\"subcaption rs-pxl-2\"\n\t\t\t\t\t\t\t\tdata-type=\"text\"\n\t\t\t\t\t\t\t\tdata-rsp_ch=\"on\"\n\t\t\t\t\t\t\t\tdata-xy=\"xo:837px,201px,201px,49px;yo:263px,268px,268px,261px;\"\n\t\t\t\t\t\t\t\tdata-text=\"l:20;fw:500;\"\n\t\t\t\t\t\t\t\tdata-frame_0=\"x:-100%;o:1;\"\n\t\t\t\t\t\t\t\tdata-frame_0_mask=\"u:t;\"\n\t\t\t\t\t\t\t\tdata-frame_1=\"st:1250;sp:1000;sR:1250;\"\n\t\t\t\t\t\t\t\tdata-frame_1_mask=\"u:t;\"\n\t\t\t\t\t\t\t\tdata-frame_999=\"x:-100%;st:w;sp:500;sR:6750;\"\n\t\t\t\t\t\t\t\tdata-frame_999_mask=\"u:t;\"\n\t\t\t\t\t\t\t\tstyle=\"z-index:26;font-family:'Roboto';\"\n\t\t\t\t\t\t\t>JUNIOR \n\t\t\t\t\t\t\t<\/rs-layer><!--\n\n\t\t\t\t\t\t\t--><rs-layer\n\t\t\t\t\t\t\t\tid=\"slider-7-slide-41-layer-30\" \n\t\t\t\t\t\t\t\tclass=\"subcaption rs-pxl-2\"\n\t\t\t\t\t\t\t\tdata-type=\"text\"\n\t\t\t\t\t\t\t\tdata-color=\"#ffffff||rgba(255, 255, 255, 0.5)||rgba(255, 255, 255, 0.5)||rgba(255, 255, 255, 0.5)\"\n\t\t\t\t\t\t\t\tdata-rsp_ch=\"on\"\n\t\t\t\t\t\t\t\tdata-xy=\"xo:800px,198px,198px,46px;yo:291px,296px,296px,289px;\"\n\t\t\t\t\t\t\t\tdata-text=\"s:15;l:20;fw:500;\"\n\t\t\t\t\t\t\t\tdata-frame_0=\"y:-100%;o:1;\"\n\t\t\t\t\t\t\t\tdata-frame_0_mask=\"u:t;\"\n\t\t\t\t\t\t\t\tdata-frame_1=\"st:1250;sp:1000;sR:1250;\"\n\t\t\t\t\t\t\t\tdata-frame_1_mask=\"u:t;\"\n\t\t\t\t\t\t\t\tdata-frame_999=\"y:-100%;e:nothing;st:w;sp:500;sR:6750;\"\n\t\t\t\t\t\t\t\tdata-frame_999_mask=\"u:t;\"\n\t\t\t\t\t\t\t\tstyle=\"z-index:27;font-family:'Roboto';\"\n\t\t\t\t\t\t\t>T\u00eb p\u00ebrb\u00ebra nga druri tik 3 vite i that\u00eb me sip\u00ebrfaqe dy her\u00eb t\u00eb <br>lakuara. P\u00ebrmbajn\u00eb flluska n\u00eb tubin Pleigum t\u00eb pathyesh\u00ebm <br>me tub t\u00eb p\u00ebrshtatsh\u00ebm horizontal me flluska. \n\t\t\t\t\t\t\t<\/rs-layer><!--\n\n\t\t\t\t\t\t\t--><rs-layer\n\t\t\t\t\t\t\t\tid=\"slider-7-slide-41-layer-31\" \n\t\t\t\t\t\t\t\tclass=\"RedDot tp-shape tp-shapewrapper rs-pxl-2\"\n\t\t\t\t\t\t\t\tdata-type=\"shape\"\n\t\t\t\t\t\t\t\tdata-rsp_ch=\"on\"\n\t\t\t\t\t\t\t\tdata-xy=\"xo:802px,166px,166px,14px;yo:96px,102px,102px,95px;\"\n\t\t\t\t\t\t\t\tdata-dim=\"w:26px;h:26px;\"\n\t\t\t\t\t\t\t\tdata-border=\"bos:solid;boc:rgba(255, 255, 255, 1);bow:5px,5px,5px,5px;bor:50px,50px,50px,50px;\"\n\t\t\t\t\t\t\t\tdata-frame_1=\"e:power2.inOut;st:1250;sR:1250;\"\n\t\t\t\t\t\t\t\tdata-frame_999=\"o:0;e:nothing;st:w;sR:7450;\"\n\t\t\t\t\t\t\t\tdata-frame_hover=\"c:#000;bgc:rgba(255,255,255,0.75);boc:#d50000;bor:50px,50px,50px,50px;bos:solid;bow:5px,5px,5px,5px;oX:50;oY:50;e:power1.inOut;\"\n\t\t\t\t\t\t\t\tstyle=\"z-index:28;background-color:rgba(213,0,0,1);cursor:pointer;\"\n\t\t\t\t\t\t\t> \n\t\t\t\t\t\t\t<\/rs-layer><!--\n\n\t\t\t\t\t\t\t--><rs-layer\n\t\t\t\t\t\t\t\tid=\"slider-7-slide-41-layer-32\" \n\t\t\t\t\t\t\t\tclass=\"subcaption rs-pxl-2\"\n\t\t\t\t\t\t\t\tdata-type=\"text\"\n\t\t\t\t\t\t\t\tdata-rsp_ch=\"on\"\n\t\t\t\t\t\t\t\tdata-xy=\"xo:838px,202px,202px,50px;yo:98px,103px,103px,96px;\"\n\t\t\t\t\t\t\t\tdata-text=\"l:20;fw:500;\"\n\t\t\t\t\t\t\t\tdata-frame_0=\"x:-100%;o:1;\"\n\t\t\t\t\t\t\t\tdata-frame_0_mask=\"u:t;\"\n\t\t\t\t\t\t\t\tdata-frame_1=\"st:1250;sp:1000;sR:1250;\"\n\t\t\t\t\t\t\t\tdata-frame_1_mask=\"u:t;\"\n\t\t\t\t\t\t\t\tdata-frame_999=\"x:-100%;st:w;sp:500;sR:6750;\"\n\t\t\t\t\t\t\t\tdata-frame_999_mask=\"u:t;\"\n\t\t\t\t\t\t\t\tstyle=\"z-index:29;font-family:'Roboto';\"\n\t\t\t\t\t\t\t>DURACHOC \n\t\t\t\t\t\t\t<\/rs-layer><!--\n\n\t\t\t\t\t\t\t--><rs-layer\n\t\t\t\t\t\t\t\tid=\"slider-7-slide-41-layer-33\" \n\t\t\t\t\t\t\t\tclass=\"subcaption rs-pxl-2\"\n\t\t\t\t\t\t\t\tdata-type=\"text\"\n\t\t\t\t\t\t\t\tdata-color=\"#ffffff||rgba(255, 255, 255, 0.5)||rgba(255, 255, 255, 0.5)||rgba(255, 255, 255, 0.5)\"\n\t\t\t\t\t\t\t\tdata-rsp_ch=\"on\"\n\t\t\t\t\t\t\t\tdata-xy=\"xo:800px,200px,200px,48px;yo:129px,134px,134px,127px;\"\n\t\t\t\t\t\t\t\tdata-text=\"s:15;l:20;fw:500;\"\n\t\t\t\t\t\t\t\tdata-dim=\"w:auto,auto,auto,402px;h:auto,auto,auto,101px;\"\n\t\t\t\t\t\t\t\tdata-frame_0=\"y:-100%;o:1;\"\n\t\t\t\t\t\t\t\tdata-frame_0_mask=\"u:t;\"\n\t\t\t\t\t\t\t\tdata-frame_1=\"st:1250;sp:1000;sR:1250;\"\n\t\t\t\t\t\t\t\tdata-frame_1_mask=\"u:t;\"\n\t\t\t\t\t\t\t\tdata-frame_999=\"y:-100%;e:nothing;st:w;sp:500;sR:6750;\"\n\t\t\t\t\t\t\t\tdata-frame_999_mask=\"u:t;\"\n\t\t\t\t\t\t\t\tstyle=\"z-index:30;font-family:'Roboto';\"\n\t\t\t\t\t\t\t>Me tub drejtk\u00ebndor t\u00eb fort\u00eb prej alumini, me oksidim elektrolitik.<br> Pa shtremb\u00ebrim p\u00ebr shkak t\u00eb sip\u00ebrfaqeve prek\u00ebse t\u00eb p\u00ebrforcuara <br>n\u00eb form\u00eb t\u00eb germ\u00ebs U dhe me doreza praktike. T\u00eb dy an\u00ebt e <br>p\u00ebrparme jan\u00eb t\u00eb pajisura me mbulesa plastike. Sip\u00ebrfaqet e <br>l\u00ebmuara lejojn\u00eb pastrim t\u00eb leht\u00eb. Mund t\u00eb p\u00ebrdoren n\u00eb \u00e7far\u00ebdo <br>pozite fal\u00eb tubave me flluska. \n\t\t\t\t\t\t\t<\/rs-layer><!--\n\n\t\t\t\t\t\t\t--><rs-layer\n\t\t\t\t\t\t\t\tid=\"slider-7-slide-41-layer-34\" \n\t\t\t\t\t\t\t\tclass=\"rs-pxl-tobggroup\"\n\t\t\t\t\t\t\t\tdata-type=\"image\"\n\t\t\t\t\t\t\t\tdata-rsp_ch=\"on\"\n\t\t\t\t\t\t\t\tdata-xy=\"x:c;y:m;\"\n\t\t\t\t\t\t\t\tdata-text=\"l:22;a:inherit;\"\n\t\t\t\t\t\t\t\tdata-dim=\"w:[&#039;380px&#039;,&#039;380px&#039;,&#039;380px&#039;,&#039;380px&#039;];h:[&#039;90px&#039;,&#039;90px&#039;,&#039;90px&#039;,&#039;90px&#039;];\"\n\t\t\t\t\t\t\t\tdata-frame_0=\"y:50px;\"\n\t\t\t\t\t\t\t\tdata-frame_1=\"st:2550;sp:1500;sR:2550;\"\n\t\t\t\t\t\t\t\tdata-frame_999=\"x:0;y:0;z:0;sX:0.9;sY:0.9;o:0;rX:0;rY:0;rZ:0;skX:0;skY:0;st:w;sp:1000;sR:4950;\"\n\t\t\t\t\t\t\t\tstyle=\"z-index:9;\"\n\t\t\t\t\t\t\t><img decoding=\"async\" src=\"\/\/fenik.co\/wp-content\/plugins\/revslider\/sr6\/assets\/assets\/dummy.png\" alt=\"\" class=\"tp-rs-img rs-lazyload\" width=\"380\" height=\"90\" data-lazyload=\"\/\/fenik.co\/wp-content\/uploads\/2017\/09\/fenikco_white.png\" data-no-retina> \n\t\t\t\t\t\t\t<\/rs-layer><!--\n-->\t\t\t\t\t<\/rs-slide>\n\t\t\t\t\t<\/rs-slides>\n\t\t\t\t<\/rs-module>\n\t\t\t\t<script>\n\t\t\t\t\tsetREVStartSize({c: 'rev_slider_7_1',rl:[1240,1024,778,480],el:[868,768,960,720],gw:[1240,1024,778,480],gh:[868,768,960,720],type:'standard',justify:'',layout:'fullscreen',offsetContainer:'',offset:'60px',mh:\"0\"});if (window.RS_MODULES!==undefined && window.RS_MODULES.modules!==undefined && window.RS_MODULES.modules[\"revslider71\"]!==undefined) {window.RS_MODULES.modules[\"revslider71\"].once = false;window.revapi7 = undefined;if (window.RS_MODULES.checkMinimal!==undefined) window.RS_MODULES.checkMinimal()}\n\t\t\t\t<\/script>\n\t\t\t<\/rs-module-wrap>\n\t\t\t<!-- END REVOLUTION SLIDER -->\n<\/div>\n<div id='av_section_1'  class='avia-section av-av_section-0ce68961c0f6b3867adca25e2638f908 main_color avia-section-no-padding avia-no-border-styling  avia-builder-el-1  el_after_av_revolutionslider  avia-builder-el-last  fenik_bg_color pt_100 avia-bg-style-scroll container_wrap sidebar_right'  ><div class='container av-section-cont-open' ><div class='template-page content  av-content-small alpha units'><div class='post-entry post-entry-type-page post-entry-3731'><div class='entry-content-wrapper clearfix'>\n\n<\/div><\/div><\/div><!-- close content main div --><\/div><\/div><div id='after_section_1'  class='main_color av_default_container_wrap container_wrap sidebar_right'  ><div class='container av-section-cont-open' ><div class='template-page content  av-content-small alpha units'><div class='post-entry post-entry-type-page post-entry-3731'><div class='entry-content-wrapper clearfix'>\n","protected":false},"excerpt":{"rendered":"","protected":false},"author":1,"featured_media":0,"parent":0,"menu_order":0,"comment_status":"closed","ping_status":"closed","template":"","meta":{"footnotes":""},"class_list":["post-3731","page","type-page","status-publish","hentry"],"_links":{"self":[{"href":"https:\/\/fenik.co\/sq\/wp-json\/wp\/v2\/pages\/3731","targetHints":{"allow":["GET"]}}],"collection":[{"href":"https:\/\/fenik.co\/sq\/wp-json\/wp\/v2\/pages"}],"about":[{"href":"https:\/\/fenik.co\/sq\/wp-json\/wp\/v2\/types\/page"}],"author":[{"embeddable":true,"href":"https:\/\/fenik.co\/sq\/wp-json\/wp\/v2\/users\/1"}],"replies":[{"embeddable":true,"href":"https:\/\/fenik.co\/sq\/wp-json\/wp\/v2\/comments?post=3731"}],"version-history":[{"count":3,"href":"https:\/\/fenik.co\/sq\/wp-json\/wp\/v2\/pages\/3731\/revisions"}],"predecessor-version":[{"id":4589,"href":"https:\/\/fenik.co\/sq\/wp-json\/wp\/v2\/pages\/3731\/revisions\/4589"}],"wp:attachment":[{"href":"https:\/\/fenik.co\/sq\/wp-json\/wp\/v2\/media?parent=3731"}],"curies":[{"name":"wp","href":"https:\/\/api.w.org\/{rel}","templated":true}]}}